{"id":1201,"date":"2021-07-22T22:15:38","date_gmt":"2021-07-22T20:15:38","guid":{"rendered":"https:\/\/sovidarmonia.com\/?page_id=1201"},"modified":"2026-04-05T23:32:46","modified_gmt":"2026-04-05T21:32:46","slug":"iridologie-tours","status":"publish","type":"page","link":"https:\/\/sovidarmonia.com\/index.php\/iridologie-tours\/","title":{"rendered":"Iridologie Tours"},"content":{"rendered":"<div class=\"brz-root__container brz-reset-all\">\n<section data-uid=\"hvjkyhvwhbnrwmnisdlnnhzokirmbztaxfmo\" id=\"hvjkyhvwhbnrwmnisdlnnhzokirmbztaxfmo\" class=\"brz-section brz-css-slpub\">\n<div class=\"brz-section__content brz-section--boxed brz-css-fjyzr brz-css-hqprh\" data-custom-id=\"anxgcboyfulqtazncqwbybltvmfgyeypqaqg\">\n<div class=\"brz-bg\">\n<div class=\"brz-bg-color\"><\/div>\n<\/div>\n<div class=\"brz-container brz-css-lwleh\">\n<div class=\"brz-css-ladke brz-wrapper\">\n<div class=\"brz-menu-simple brz-css-qcxbn brz-css-kstuf\">\n<div style=\"min-height:20px\">\n<div class=\"menu-menu-principal-container\">\n<ul id=\"menu-menu-principal\" class=\"menu\">\n<li id=\"menu-item-1321\" class=\"menu-item menu-item-type-post_type menu-item-object-page menu-item-home menu-item-1321\"><a href=\"https:\/\/sovidarmonia.com\/\">Accueil<\/a><\/li>\n<li id=\"menu-item-2726\" class=\"menu-item menu-item-type-post_type menu-item-object-page menu-item-has-children menu-item-2726\"><a href=\"https:\/\/sovidarmonia.com\/index.php\/soins\/\">Les Soins<\/a>\n<ul class=\"sub-menu\">\n<li id=\"menu-item-2727\" class=\"menu-item menu-item-type-post_type menu-item-object-page menu-item-2727\"><a href=\"https:\/\/sovidarmonia.com\/index.php\/soins-vitalite-equilibre\/\">Soins Sant\u00e9 Naturelle, Vitalit\u00e9 &amp; Equilibre<\/a><\/li>\n<li id=\"menu-item-2728\" class=\"menu-item menu-item-type-post_type menu-item-object-page menu-item-2728\"><a href=\"https:\/\/sovidarmonia.com\/index.php\/soins-beaute-silhouette\/\">Soins Beaut\u00e9, Silhouette &amp; R\u00e9g\u00e9n\u00e9ration<\/a><\/li>\n<li id=\"menu-item-2729\" class=\"menu-item menu-item-type-post_type menu-item-object-page menu-item-2729\"><a href=\"https:\/\/sovidarmonia.com\/index.php\/soins-retour-a-soi-liberation\/\">Soins Retour \u00e0 Soi &amp; Lib\u00e9ration<\/a><\/li>\n<\/ul>\n<\/li>\n<li id=\"menu-item-2828\" class=\"menu-item menu-item-type-post_type menu-item-object-page menu-item-2828\"><a href=\"https:\/\/sovidarmonia.com\/index.php\/page-d-exemple\/\">Qui suis-je?<\/a><\/li>\n<li id=\"menu-item-2825\" class=\"menu-item menu-item-type-post_type menu-item-object-page menu-item-2825\"><a href=\"https:\/\/sovidarmonia.com\/index.php\/contact\/\">Tarifs &#038; informations<\/a><\/li>\n<li id=\"menu-item-1460\" class=\"menu-item menu-item-type-post_type menu-item-object-page menu-item-1460\"><a href=\"https:\/\/sovidarmonia.com\/index.php\/evenements\/\">Cercle de femmes<\/a><\/li>\n<li id=\"menu-item-1549\" class=\"menu-item menu-item-type-post_type menu-item-object-page menu-item-1549\"><a href=\"https:\/\/sovidarmonia.com\/index.php\/blog\/\">Blog<\/a><\/li>\n<li class=\"menu-item menu-item-type-post_type menu-item-object-page wpmenucartli wpmenucart-display-standard menu-item\" id=\"wpmenucartli\"><a class=\"wpmenucart-contents empty-wpmenucart\">&nbsp;<\/a><\/li>\n<\/ul>\n<\/div>\n<\/div>\n<\/div>\n<\/div>\n<\/div>\n<\/div>\n<\/section>\n<section data-uid=\"sgrrdmkkijnxpjjovvwgnmvoesherovhlkjp\" id=\"sgrrdmkkijnxpjjovvwgnmvoesherovhlkjp\" class=\"brz-section brz-css-slpub\">\n<div class=\"brz-section__content brz-section--boxed brz-css-fjyzr brz-css-fylfh\" data-custom-id=\"zyegifgvjneuslibrutteryasfjavsxftaif\">\n<div class=\"brz-bg\">\n<div class=\"brz-bg-image\"><\/div>\n<div class=\"brz-bg-color\"><\/div>\n<\/div>\n<div class=\"brz-container brz-css-lwleh\">\n<div class=\"brz-row__container brz-css-htjrh\" data-custom-id=\"vhzxxtgjdrssacjssfcgikkbcddihfnecsea\">\n<div class=\"brz-bg\"><\/div>\n<div class=\"brz-row brz-css-itrym\">\n<div class=\"brz-columns brz-css-mhyxb brz-css-wxdsc\" data-custom-id=\"pabesvptiyxjqvkkwcxbqhcplnjuqnuoosvb\">\n<div class=\"brz-bg\">\n<div class=\"brz-bg-color\"><\/div>\n<\/div>\n<div class=\"brz-column__items brz-css-lythp\">\n<div class=\"brz-css-ladke brz-css-hzxlh brz-wrapper\">\n<div class=\"brz-rich-text brz-rich-text__custom brz-css-uiaxz\" data-custom-id=\"alacqhuhcjstphbgettqujslmevyotqmrmep\">\n<div>\n<h1 class=\"brz-css-bjqai\" data-uniq-id=\"bhmwq\" data-generated-css=\"brz-css-qjnuf\"><span class=\"brz-cp-color2\">Iridologie Tours<\/span><\/h1>\n<\/div>\n<\/div>\n<\/div>\n<div class=\"brz-css-ladke brz-css-ilusv brz-wrapper\">\n<div class=\"brz-rich-text brz-rich-text__custom brz-css-uiaxz\" data-custom-id=\"rszhnlzoqgxothyinbkwlhmjmkqjkvzalilx\">\n<div>\n<p class=\"brz-css-jdrrp\" data-generated-css=\"brz-css-pyuoj\" data-uniq-id=\"ucnkc\"><span class=\"brz-cp-color2\">D\u00e9couvrez notre cabinet d&rsquo;Iridologie \u00e0 Tours. <\/span>L&rsquo;iridologie est une m\u00e9thode bas\u00e9e sur l&rsquo;observation de l&rsquo;iris de l&rsquo;\u0153il o\u00f9 l&rsquo;ensemble des syst\u00e8mes du corps y sont repr\u00e9sent\u00e9s.<\/p>\n<\/div>\n<\/div>\n<\/div>\n<\/div>\n<\/div>\n<\/div>\n<\/div>\n<div class=\"brz-css-ladke brz-wrapper\">\n<div class=\"brz-rich-text brz-rich-text__custom brz-css-uiaxz\" data-custom-id=\"zaevuteezqadqcybhwrtrmoefosrnqgmdrzw\">\n<div>\n<p class=\"brz-css-hgnbi\" data-uniq-id=\"sgvqi\" data-generated-css=\"brz-css-qyxek\"><em class=\"brz-cp-color8\"> \u00ab Tels sont les yeux, tel est le corps \u00bb <\/em><\/p>\n<p class=\"brz-css-ogklz\" data-uniq-id=\"mdpjh\" data-generated-css=\"brz-css-daxyk\"><em class=\"brz-cp-color8\">Hippocrate<\/em><\/p>\n<\/div>\n<\/div>\n<\/div>\n<\/div>\n<\/div>\n<\/section>\n<section data-uid=\"jdjzbfxwebefxlcyzmlrirsnnjkugswnlbch\" id=\"jdjzbfxwebefxlcyzmlrirsnnjkugswnlbch\" class=\"brz-section brz-css-slpub\">\n<div class=\"brz-section__content brz-section--boxed brz-css-fjyzr brz-css-dpazj\" data-custom-id=\"tgikacxcimfrtbgomunmjolvklkoxjbobaxk\">\n<div class=\"brz-container brz-css-lwleh\">\n<div class=\"brz-css-ladke brz-css-wkckb brz-wrapper\">\n<div class=\"brz-rich-text brz-rich-text__custom brz-css-uiaxz\" data-custom-id=\"tviutfugtuystehoulbhfklebwcqmegfslfp\">\n<div>\n<h2 class=\"brz-css-uynhu\" data-uniq-id=\"ouqva\" data-generated-css=\"brz-css-xwbav\">L&rsquo;iridologie &#8211; Origines<\/h2>\n<\/div>\n<\/div>\n<\/div>\n<div class=\"brz-row__container brz-css-htjrh\" data-custom-id=\"vaykiuromiqrqrvjpbhhwiwtjqpzcnvpezvc\">\n<div class=\"brz-bg\"><\/div>\n<div class=\"brz-row brz-css-itrym brz-css-saziq\">\n<div class=\"brz-columns brz-css-mhyxb brz-css-hrgya\" data-custom-id=\"dilhmpstbbewaqbvsgmtbijtckstqchdujbm\">\n<div class=\"brz-bg\"><\/div>\n<div class=\"brz-column__items brz-css-lythp brz-css-amnsk\">\n<div class=\"brz-css-ladke brz-wrapper\">\n<div class=\"brz-rich-text brz-rich-text__custom brz-css-uiaxz\" data-custom-id=\"btckeqycgdggmbvbsqzepkdcjhmtczbwguig\">\n<div>\n<p class=\"brz-css-hdaok\" data-generated-css=\"brz-css-ytooo\" data-uniq-id=\"clhmn\">L&rsquo;analyse des modifications de l&rsquo;iris de l&rsquo;\u0153il \u00e9tait d\u00e9j\u00e0 r\u00e9alis\u00e9e par les m\u00e9decins dans l&rsquo;Antiquit\u00e9, mais cette m\u00e9thode a connu une v\u00e9ritable renaissance dans l&rsquo;Europe du XIXe si\u00e8cle.\u00a0<strong>Le m\u00e9decin hongrois Ignatz von Peczely, qui a men\u00e9 une exp\u00e9rience sur la chouette en 1861, est consid\u00e9r\u00e9 comme le pr\u00e9curseur de cette m\u00e9thode alternative de diagnostic des maladies.\u00a0<\/strong>Lorsqu&rsquo;il lui a cass\u00e9 la patte sur l&rsquo;iris de l&rsquo;oiseau, il a remarqu\u00e9 une tache sombre qui a disparu lorsque la patte de la chouette a \u00e9t\u00e9 gu\u00e9rie.\u00a0En 1893, le Su\u00e9dois Nils Liljequist a remarqu\u00e9 des changements dans son iris apr\u00e8s un traitement \u00e0 l&rsquo;iode et \u00e0 la quinine de l&rsquo;hyperplasie des ganglions lymphatiques.\u00a0Fascin\u00e9 par les changements, il a cr\u00e9\u00e9 un atlas compos\u00e9 de dessins en noir et blanc et en couleurs de l&rsquo;iris.\u00a0La dite\u00a0Le diagnostic des yeux contenait un total de 270 images. Jusqu&rsquo;\u00e0 aujourd&rsquo;hui, les cartographies d&rsquo;iridologie n&rsquo;ont cess\u00e9 d&rsquo;\u00eatre compl\u00e9t\u00e9es.<\/p>\n<\/div>\n<\/div>\n<\/div>\n<\/div>\n<\/div>\n<\/div>\n<\/div>\n<div class=\"brz-css-ladke brz-wrapper\">\n<div class=\"brz-image brz-css-dfpem\"><img class=\"brz-img\" src=\"https:\/\/sovidarmonia.com\/wp-content\/uploads\/brizy\/imgs\/carte-iridologie-562x291x0x0x562x291x1626848820.jpg\" alt=\"\" loading=\"lazy\" \/><\/div>\n<\/div>\n<div class=\"brz-css-ladke brz-css-jetdf brz-css-huoie brz-wrapper\">\n<div class=\"brz-spacer brz-css-vfdor brz-css-anjod\"><\/div>\n<\/div>\n<\/div>\n<\/div>\n<\/section>\n<section data-uid=\"uoaposyremifzrlrjwplxmhwtvpkfnldjbhv\" id=\"uoaposyremifzrlrjwplxmhwtvpkfnldjbhv\" class=\"brz-section brz-css-slpub\">\n<div class=\"brz-section__content brz-section--boxed brz-css-fjyzr brz-css-yycop\" data-custom-id=\"xeurusovugozjocgetfnipobfrttghrnepni\">\n<div class=\"brz-bg\">\n<div class=\"brz-bg-image\"><\/div>\n<\/div>\n<div class=\"brz-container brz-css-lwleh\">\n<div class=\"brz-css-ladke brz-css-puyje brz-wrapper\">\n<div class=\"brz-rich-text brz-rich-text__custom brz-css-uiaxz\" data-custom-id=\"zsqlexwesyviaaapphtpdgtvxhhoqurygovu\">\n<div>\n<h2 class=\"brz-css-nwnwa\" data-uniq-id=\"apjmh\" data-generated-css=\"brz-css-cjihw\"><span class=\"brz-cp-color8\">L&rsquo;iridologie &#8211; qu&rsquo;est-ce que c&rsquo;est ?<\/span><\/h2>\n<\/div>\n<\/div>\n<\/div>\n<div class=\"brz-row__container brz-css-htjrh\" data-custom-id=\"msqhuavpsnixeosfsnfdbvbygfrbpaggqvzx\">\n<div class=\"brz-bg\"><\/div>\n<div class=\"brz-row brz-css-itrym\">\n<div class=\"brz-columns brz-css-mhyxb brz-css-tlhyi\" data-custom-id=\"sasmvvbfplyetnuwfosbcfkwnypotfjcqwgp\">\n<div class=\"brz-bg\">\n<div class=\"brz-bg-color\"><\/div>\n<\/div>\n<div class=\"brz-column__items brz-css-lythp\">\n<div class=\"brz-css-ladke brz-css-jetdf brz-wrapper\">\n<div class=\"brz-spacer brz-css-vfdor brz-css-jolzq\"><\/div>\n<\/div>\n<div class=\"brz-css-ladke brz-wrapper\">\n<div class=\"brz-rich-text brz-rich-text__custom brz-css-uiaxz\" data-custom-id=\"xwfxhyzrjhqysjbkemfmctmnhakurvxghoyt\">\n<div>\n<p class=\"brz-css-bmvxz\" data-generated-css=\"brz-css-hetjq\" data-uniq-id=\"vixyz\">L\u2019iridologie est l\u2019\u00e9tude de l\u2019iris, la zone color\u00e9e de votre \u0153il. Elle a une place essentielle dans l\u2019\u00e9tablissement de votre bilan de vitalit\u00e9. Elle d\u00e9termine des informations pr\u00e9cieuses :<\/p>\n<p class=\"brz-css-sgwol\" data-generated-css=\"brz-css-hetjq\" data-uniq-id=\"vixyz\"><\/p>\n<p class=\"brz-css-znuyj\" data-generated-css=\"brz-css-hetjq\" data-uniq-id=\"vixyz\">Votre constitution : composante inn\u00e9e, caract\u00e9ristiques de naissance + celles h\u00e9rit\u00e9es, c&rsquo;est-\u00e0 dire vos pr\u00e9dispositions h\u00e9r\u00e9ditaires<\/p>\n<p class=\"brz-css-sqixt\" data-generated-css=\"brz-css-hetjq\" data-uniq-id=\"vixyz\">\n<p class=\"brz-css-ilmct\" data-generated-css=\"brz-css-hetjq\" data-uniq-id=\"vixyz\"> Votre terrain : composante acquise. Le terrain correspond \u00e0 tous les d\u00e9chets et perturbateurs de l&rsquo;\u00e9quilibre accumul\u00e9s dans le temps. Nous pouvons ainsi observer les d\u00e9s\u00e9quilibres, les carences, la pr\u00e9sence de toxines et leur localisation <\/p>\n<p class=\"brz-css-ktsov\" data-generated-css=\"brz-css-hetjq\" data-uniq-id=\"vixyz\">\n<p class=\"brz-css-hkofs\" data-generated-css=\"brz-css-hclup\" data-uniq-id=\"fuhgn\">Votre vitalit\u00e9 g\u00e9n\u00e9rale et celle de tous les organes et syst\u00e8mes de votre organisme <span class=\"brz-cp-color2\">notamment\u00a0:<\/span><\/p>\n<p class=\"brz-css-adlwq\" data-generated-css=\"brz-css-qvqel\" data-uniq-id=\"glaqj\"><span class=\"brz-cp-color2\">foie<\/span><\/p>\n<p class=\"brz-css-cmrou\" data-generated-css=\"brz-css-xgaxl\" data-uniq-id=\"nikcd\"><span class=\"brz-cp-color2\">poumons<\/span><\/p>\n<p class=\"brz-css-qpteb\" data-generated-css=\"brz-css-yczcc\" data-uniq-id=\"devsf\"><span class=\"brz-cp-color2\">reins<\/span><\/p>\n<p class=\"brz-css-nzehs\" data-generated-css=\"brz-css-uzmtj\" data-uniq-id=\"rktra\"><span class=\"brz-cp-color2\">bronches<\/span><\/p>\n<p class=\"brz-css-vitvr\" data-generated-css=\"brz-css-mrwqi\" data-uniq-id=\"pofpx\"><span class=\"brz-cp-color2\">ovaires<\/span><\/p>\n<p class=\"brz-css-aqpva\" data-generated-css=\"brz-css-xjqsl\" data-uniq-id=\"qcrtb\"><span class=\"brz-cp-color2\">c\u0153ur<\/span><\/p>\n<p class=\"brz-css-ozbsf\" data-generated-css=\"brz-css-rdokl\" data-uniq-id=\"knaqt\"><span class=\"brz-cp-color2\">glande thyro\u00efde<\/span><\/p>\n<p class=\"brz-css-hwkuk\" data-uniq-id=\"skuyh\" data-generated-css=\"brz-css-tfbvx\"><span class=\"brz-cp-color2\">rate&#8230;<\/span><\/p>\n<p class=\"brz-css-cerod\" data-uniq-id=\"jsrml\" data-generated-css=\"brz-css-jbbuj\"><\/p>\n<\/div>\n<\/div>\n<\/div>\n<\/div>\n<\/div>\n<\/div>\n<\/div>\n<\/div>\n<\/div>\n<\/section>\n<section data-uid=\"tyyxvpsfdofilbpewckpqwjzayonykipgxrw\" id=\"tyyxvpsfdofilbpewckpqwjzayonykipgxrw\" class=\"brz-section brz-css-slpub brz-css-trcvu\">\n<div class=\"brz-slick-slider brz-slick-slider__section\" data-slides-to-show=\"1\" data-slides-to-scroll=\"1\" data-arrows=\"true\" data-dots=\"true\" data-dots-class=\"brz-slick-slider__dots brz-slick-slider__dots--circle\" data-fade=\"false\" data-vertical=\"false\" data-auto-play=\"true\" data-auto-play-speed=\"5000\" data-swipe=\"true\" data-responsive=\"%5B%7B%22breakpoint%22%3A767%2C%22settings%22%3A%7B%22slidesToShow%22%3A1%2C%22slidesToScroll%22%3A1%7D%7D%5D\">\n<div>\n<div class=\"brz-section__content brz-section--boxed brz-css-fjyzr brz-css-xvbsr\" data-custom-id=\"ahjbrhmztilmhhxaxjadeiqzpqrztlnngymn\">\n<div class=\"brz-container brz-css-lwleh brz-css-wuzho\">\n<div class=\"brz-css-ladke brz-wrapper\">\n<div class=\"brz-rich-text brz-rich-text__custom brz-css-uiaxz\" data-custom-id=\"jkblrxwhdtpilglhzdxszhwdvnampbnfszks\">\n<div>\n<h2 class=\"brz-css-kkeqh\" data-generated-css=\"brz-css-cpqoh\" data-uniq-id=\"cfizt\">A quoi ressemble l&rsquo;examen iridologique ?<\/h2>\n<\/div>\n<\/div>\n<\/div>\n<div class=\"brz-css-ladke brz-wrapper\">\n<div class=\"brz-rich-text brz-rich-text__custom brz-css-uiaxz\" data-custom-id=\"qqtpxfmpqkbqjawyfvueubbdbxgzhkbcuuvk\">\n<div>\n<h2 class=\"brz-css-naanf\" data-uniq-id=\"swxnn\" data-generated-css=\"brz-css-wfzfp\">L&rsquo;examen iridologique est non invasif et ne n\u00e9cessite aucune pr\u00e9paration de la part du patient.\u00a0L&rsquo;examinateur examine soigneusement les yeux \u00e0 l&rsquo;aide d&rsquo;un iriscope, une cam\u00e9ra sp\u00e9cifique avec lumi\u00e8re adapt\u00e9e.<\/h2>\n<\/div>\n<\/div>\n<\/div>\n<div class=\"brz-css-ladke brz-wrapper\">\n<div class=\"brz-image brz-css-xfnss\"><img class=\"brz-img\" src=\"https:\/\/sovidarmonia.com\/wp-content\/uploads\/2024\/02\/site-web-iridologie.png\" alt=\"\" loading=\"lazy\" \/><\/div>\n<\/div>\n<\/div>\n<\/div>\n<\/div>\n<p><title>thin<\/title>\n<\/div>\n<\/section>\n<section data-uid=\"vkalnplwvzubsjtgbhsuroyywwxoflyzwyov\" id=\"vkalnplwvzubsjtgbhsuroyywwxoflyzwyov\" class=\"brz-section brz-css-slpub\">\n<div class=\"brz-section__content brz-section--boxed brz-css-fjyzr brz-css-agnfd\" data-custom-id=\"geeasrqqsfdloeniobmlflgfnkrzcptiuuvr\">\n<div class=\"brz-container brz-css-lwleh\">\n<div class=\"brz-wrapper-clone brz-css-tnhvw\">\n<div class=\"brz-d-xs-flex brz-flex-xs-wrap brz-css-yiwdm\">\n<div class=\"brz-wrapper-clone__item brz-css-psosd\" id=\"srgaktwmmqzkqnfiugvhashmrrytplajyqzr\"><a class=\"brz-a brz-btn brz-css-htqzl\" href=\"https:\/\/widget.treatwell.fr\/salon\/433105\/menu\/\" data-brz-link-type=\"external\" id data-custom-id=\"srgaktwmmqzkqnfiugvhashmrrytplajyqzr\"><span class=\"brz-span brz-text__editor\">Prendre RDV en ligne<\/span><\/a><\/div>\n<\/div>\n<\/div>\n<\/div>\n<\/div>\n<\/section>\n<section data-uid=\"zvepxxqhfdorzjoxwwtgaeyltcaabeakhjlb\" id=\"zvepxxqhfdorzjoxwwtgaeyltcaabeakhjlb\" class=\"brz-section brz-css-slpub\">\n<div class=\"brz-section__content brz-section--boxed brz-css-fjyzr brz-css-mkrtp\" data-custom-id=\"nvlopywgrwlkxcvlzbnauwkciulvnxlvxaik\">\n<div class=\"brz-container brz-css-lwleh\">\n<div class=\"brz-css-ladke brz-css-uhizo brz-wrapper\">\n<div class=\"brz-map brz-css-zvwjl brz-css-qgqka\" data-custom-id=\"fvhoohqfgqhedoqagsagduvoafabxwlxdass\">\n<div class=\"brz-map-content\"><\/div>\n<\/div>\n<\/div>\n<div class=\"brz-css-ladke brz-css-jetdf brz-wrapper\">\n<div class=\"brz-spacer brz-css-vfdor brz-css-efzyb\"><\/div>\n<\/div>\n<\/div>\n<\/div>\n<\/section>\n<\/div>\n<p><!-- version:1775424766 --><\/p>\n","protected":false},"excerpt":{"rendered":"<p>Accueil Les Soins Soins Sant\u00e9 Naturelle, Vitalit\u00e9 &amp; Equilibre Soins Beaut\u00e9, Silhouette &amp; R\u00e9g\u00e9n\u00e9ration Soins Retour \u00e0 Soi &amp; Lib\u00e9ration Qui suis-je? Tarifs &#038; informations Cercle de femmes Blog &nbsp; Iridologie Tours D\u00e9couvrez notre cabinet d&rsquo;Iridologie \u00e0 Tours. L&rsquo;iridologie est une m\u00e9thode bas\u00e9e sur l&rsquo;observation de l&rsquo;iris de l&rsquo;\u0153il o\u00f9 l&rsquo;ensemble des syst\u00e8mes du corps &hellip; <\/p>\n","protected":false},"author":1,"featured_media":0,"parent":0,"menu_order":0,"comment_status":"closed","ping_status":"closed","template":"brizy-blank-template.php","meta":{"_monsterinsights_skip_tracking":false,"_monsterinsights_sitenote_active":false,"_monsterinsights_sitenote_note":"","_monsterinsights_sitenote_category":0},"aioseo_notices":[],"_links":{"self":[{"href":"https:\/\/sovidarmonia.com\/index.php\/wp-json\/wp\/v2\/pages\/1201"}],"collection":[{"href":"https:\/\/sovidarmonia.com\/index.php\/wp-json\/wp\/v2\/pages"}],"about":[{"href":"https:\/\/sovidarmonia.com\/index.php\/wp-json\/wp\/v2\/types\/page"}],"author":[{"embeddable":true,"href":"https:\/\/sovidarmonia.com\/index.php\/wp-json\/wp\/v2\/users\/1"}],"replies":[{"embeddable":true,"href":"https:\/\/sovidarmonia.com\/index.php\/wp-json\/wp\/v2\/comments?post=1201"}],"version-history":[{"count":12,"href":"https:\/\/sovidarmonia.com\/index.php\/wp-json\/wp\/v2\/pages\/1201\/revisions"}],"predecessor-version":[{"id":2442,"href":"https:\/\/sovidarmonia.com\/index.php\/wp-json\/wp\/v2\/pages\/1201\/revisions\/2442"}],"wp:attachment":[{"href":"https:\/\/sovidarmonia.com\/index.php\/wp-json\/wp\/v2\/media?parent=1201"}],"curies":[{"name":"wp","href":"https:\/\/api.w.org\/{rel}","templated":true}]}}