{"id":2,"date":"2020-01-23T18:05:19","date_gmt":"2020-01-23T17:05:19","guid":{"rendered":"http:\/\/sovidarmonia.com\/?page_id=2"},"modified":"2026-04-04T17:55:24","modified_gmt":"2026-04-04T15:55:24","slug":"page-d-exemple","status":"publish","type":"page","link":"https:\/\/sovidarmonia.com\/index.php\/page-d-exemple\/","title":{"rendered":"Qui suis-je?"},"content":{"rendered":"<div class=\"brz-root__container brz-reset-all\">\n<section data-uid=\"pmqtdeaohkkkntukganelxgzizdsvyfxqghw\" id=\"pmqtdeaohkkkntukganelxgzizdsvyfxqghw\" class=\"brz-section brz-css-ngbex\">\n<div class=\"brz-section__content brz-section--boxed brz-css-kbuac brz-css-zttsa\" data-custom-id=\"iqpvlhmybtfnxikxjyfdpxxtsazkrqjtybmg\">\n<div class=\"brz-bg\">\n<div class=\"brz-bg-color\"><\/div>\n<\/div>\n<div class=\"brz-container brz-css-gfwaz\">\n<div class=\"brz-css-eyehn brz-wrapper\">\n<div class=\"brz-menu-simple brz-css-ntzkm brz-css-wmuvv\">\n<div style=\"min-height:20px\">\n<div class=\"menu-menu-principal-container\">\n<ul id=\"menu-menu-principal\" class=\"menu\">\n<li id=\"menu-item-1321\" class=\"menu-item menu-item-type-post_type menu-item-object-page menu-item-home menu-item-1321\"><a href=\"https:\/\/sovidarmonia.com\/\">Accueil<\/a><\/li>\n<li id=\"menu-item-2726\" class=\"menu-item menu-item-type-post_type menu-item-object-page menu-item-has-children menu-item-2726\"><a href=\"https:\/\/sovidarmonia.com\/index.php\/soins\/\">Les Soins<\/a>\n<ul class=\"sub-menu\">\n<li id=\"menu-item-2727\" class=\"menu-item menu-item-type-post_type menu-item-object-page menu-item-2727\"><a href=\"https:\/\/sovidarmonia.com\/index.php\/soins-vitalite-equilibre\/\">Soins Sant\u00e9 Naturelle, Vitalit\u00e9 &amp; Equilibre<\/a><\/li>\n<li id=\"menu-item-2728\" class=\"menu-item menu-item-type-post_type menu-item-object-page menu-item-2728\"><a href=\"https:\/\/sovidarmonia.com\/index.php\/soins-beaute-silhouette\/\">Soins Beaut\u00e9, Silhouette &amp; R\u00e9g\u00e9n\u00e9ration<\/a><\/li>\n<li id=\"menu-item-2729\" class=\"menu-item menu-item-type-post_type menu-item-object-page menu-item-2729\"><a href=\"https:\/\/sovidarmonia.com\/index.php\/soins-retour-a-soi-liberation\/\">Soins Retour \u00e0 Soi &amp; Lib\u00e9ration<\/a><\/li>\n<\/ul>\n<\/li>\n<li id=\"menu-item-2828\" class=\"menu-item menu-item-type-post_type menu-item-object-page current-menu-item page_item page-item-2 current_page_item menu-item-2828\"><a href=\"https:\/\/sovidarmonia.com\/index.php\/page-d-exemple\/\">Qui suis-je?<\/a><\/li>\n<li id=\"menu-item-2825\" class=\"menu-item menu-item-type-post_type menu-item-object-page menu-item-2825\"><a href=\"https:\/\/sovidarmonia.com\/index.php\/contact\/\">Tarifs &#038; informations<\/a><\/li>\n<li id=\"menu-item-1460\" class=\"menu-item menu-item-type-post_type menu-item-object-page menu-item-1460\"><a href=\"https:\/\/sovidarmonia.com\/index.php\/evenements\/\">Cercle de femmes<\/a><\/li>\n<li id=\"menu-item-1549\" class=\"menu-item menu-item-type-post_type menu-item-object-page menu-item-1549\"><a href=\"https:\/\/sovidarmonia.com\/index.php\/blog\/\">Blog<\/a><\/li>\n<li class=\"menu-item menu-item-type-post_type menu-item-object-page wpmenucartli wpmenucart-display-standard menu-item\" id=\"wpmenucartli\"><a class=\"wpmenucart-contents empty-wpmenucart\">&nbsp;<\/a><\/li>\n<\/ul>\n<\/div>\n<\/div>\n<\/div>\n<\/div>\n<div class=\"brz-row__container brz-css-kvlmg\" data-custom-id=\"crhsdaurgcangjxjejyavcsdrheawikvypsm\">\n<div class=\"brz-bg\"><\/div>\n<div class=\"brz-row brz-css-iwjke brz-css-jwvnc\">\n<div class=\"brz-columns brz-css-zinby brz-css-uwdko\" data-custom-id=\"bhyffztfjwpdxbcezjllimlsachprkgtxwje\">\n<div class=\"brz-bg\"><\/div>\n<div class=\"brz-column__items brz-css-vjvcu\">\n<div class=\"brz-css-eyehn brz-css-eebxy brz-css-dnjrp brz-wrapper\">\n<div class=\"brz-spacer brz-css-wsrub brz-css-bfmwk\"><\/div>\n<\/div>\n<div class=\"brz-css-eyehn brz-css-eebxy brz-css-eyfzv brz-wrapper\">\n<div class=\"brz-spacer brz-css-wsrub brz-css-dzylf\"><\/div>\n<\/div>\n<div class=\"brz-css-eyehn brz-wrapper\">\n<div class=\"brz-rich-text brz-rich-text__custom brz-css-oczao\" data-custom-id=\"ixvtbjplrlnejswcwvbgsrimscnlvezekcsh\">\n<div>\n<h3 class=\"brz-css-gjzpq\" data-generated-css=\"brz-css-naesz\" data-uniq-id=\"djdxm\">Qui suis-je?<\/h3>\n<h3 class=\"brz-css-vahum\" data-generated-css=\"brz-css-umihn\" data-uniq-id=\"dubeb\"><\/h3>\n<p class=\"brz-css-txmpp\" data-generated-css=\"brz-css-kdjie\" data-uniq-id=\"czzjy\"><span class=\"brz-cp-color7\">Docteur en Physique et Chimie, je me suis form\u00e9e depuis quelques ann\u00e9es \u00e0 la naturopathie, par la suite \u00e0 des outils d\u2019accompagnement psycho-\u00e9motionnel et \u00e0 des techniques de massage sp\u00e9cifiques.<\/span><\/p>\n<p class=\"brz-css-porvw\" data-generated-css=\"brz-css-teojh\" data-uniq-id=\"qtlxc\"><span class=\"brz-cp-color7\">Comme vous, j\u2019ai v\u00e9cu des exp\u00e9riences parfois douloureuses, parfois joyeuses, j\u2019ai \u00e9t\u00e9 confront\u00e9e \u00e0 des maladies physiques ou mentales. <\/span><\/p>\n<p class=\"brz-css-pletv\" data-generated-css=\"brz-css-vlqyb\" data-uniq-id=\"pxuqo\"><span class=\"brz-cp-color7\">Alors pensez-vous qu\u2019il est possible de faire des choix plus conscients pour am\u00e9liorer la qualit\u00e9 de votre vie?<\/span><\/p>\n<p class=\"brz-css-kzswh\" data-generated-css=\"brz-css-vjfbf\" data-uniq-id=\"rzlgt\"><span class=\"brz-cp-color7\">Moi, oui!!!<\/span><\/p>\n<p class=\"brz-css-uopzu\" data-generated-css=\"brz-css-lsdxs\" data-uniq-id=\"mbttl\"><span class=\"brz-cp-color7\">Suite \u00e0 un mal-\u00eatre profond (fatigue physique et mentale), j\u2019ai pris conscience que ma fa\u00e7on de vivre n\u2019\u00e9tait plus en accord avec ce que j\u2019\u00e9tais et beaucoup de questionnements sont venus \u00e0 moi.<\/span><\/p>\n<p class=\"brz-css-abpvc\" data-generated-css=\"brz-css-qsjer\" data-uniq-id=\"mbflk\"><span class=\"brz-cp-color7\">\u201cQu\u2019est-ce qui donne r\u00e9ellement, vraiment, profond\u00e9ment sens \u00e0 ma vie\u00a0?<\/span><\/p>\n<p class=\"brz-css-airkr\" data-generated-css=\"brz-css-vbuav\" data-uniq-id=\"lmrsl\"><span class=\"brz-cp-color7\">Quelles sont mes v\u00e9ritables aspirations\u00a0?<\/span><\/p>\n<p class=\"brz-css-bgpdp\" data-generated-css=\"brz-css-hzuek\" data-uniq-id=\"gpfzd\"><span class=\"brz-cp-color7\">Qu\u2019est-ce qui me rend heureuse\u00a0? \u201c<\/span><\/p>\n<p class=\"brz-css-qonli\" data-generated-css=\"brz-css-uvhtx\" data-uniq-id=\"imubf\"><span class=\"brz-cp-color7\">J\u2019ai alors compris l\u2019importance de s\u2019\u00e9couter soi-m\u00eame et de prendre soin de son corps physique, son esprit et ses \u00e9motions pour une vie plus harmonieuse.<\/span><\/p>\n<p class=\"brz-css-szftd\" data-generated-css=\"brz-css-wrkvr\" data-uniq-id=\"watft\"><strong>Le bien-\u00eatre arrive lorsque que nous sommes en \u00e9quilibre, en harmonie avec nous-m\u00eame, avec la nature et les autres.<\/strong><\/p>\n<p class=\"brz-css-etjek\" data-uniq-id=\"rfvxm\" data-generated-css=\"brz-css-mkaie\"><strong>L\u2019harmonie de notre corps, notre esprit et nos \u00e9motions, est la cl\u00e9 d\u2019une vie \u00e9panouie\u00a0!<\/strong><\/p>\n<p class=\"brz-css-jtczx\" data-uniq-id=\"wnrzy\" data-generated-css=\"brz-css-rurhn\"><strong> <\/strong><\/p>\n<p class=\"brz-css-fijdi\" data-uniq-id=\"juknh\" data-generated-css=\"brz-css-iltid\"><em class=\"brz-cp-color7\">Sonia <\/em><\/p>\n<\/div>\n<\/div>\n<\/div>\n<div class=\"brz-css-eyehn brz-css-eebxy brz-css-errxk brz-wrapper\">\n<div class=\"brz-spacer brz-css-wsrub brz-css-ggoti\"><\/div>\n<\/div>\n<\/div>\n<\/div>\n<div class=\"brz-columns brz-css-zinby brz-css-ueroh\" data-custom-id=\"smunmbepophyedecmjcyxbynrldlgnajclfk\">\n<div class=\"brz-bg\"><\/div>\n<div class=\"brz-column__items brz-css-vjvcu brz-css-yzmxe\">\n<div class=\"brz-css-eyehn brz-css-eebxy brz-css-ntlvw brz-wrapper\">\n<div class=\"brz-spacer brz-css-wsrub brz-css-ipiga\"><\/div>\n<\/div>\n<div class=\"brz-css-eyehn brz-wrapper\">\n<div class=\"brz-image brz-css-kdcvf\"><img class=\"brz-img\" src=\"https:\/\/sovidarmonia.com\/wp-content\/uploads\/2022\/10\/photo-site-web.jpg\" alt=\"\" loading=\"lazy\" \/><\/div>\n<\/div>\n<\/div>\n<\/div>\n<\/div>\n<\/div>\n<\/div>\n<\/div>\n<\/section>\n<\/div>\n<p><!-- version:1775318124 --><\/p>\n","protected":false},"excerpt":{"rendered":"<p>Accueil Les Soins Soins Sant\u00e9 Naturelle, Vitalit\u00e9 &amp; Equilibre Soins Beaut\u00e9, Silhouette &amp; R\u00e9g\u00e9n\u00e9ration Soins Retour \u00e0 Soi &amp; Lib\u00e9ration Qui suis-je? Tarifs &#038; informations Cercle de femmes Blog &nbsp; Qui suis-je? Docteur en Physique et Chimie, je me suis form\u00e9e depuis quelques ann\u00e9es \u00e0 la naturopathie, par la suite \u00e0 des outils d\u2019accompagnement psycho-\u00e9motionnel &hellip; <\/p>\n","protected":false},"author":1,"featured_media":0,"parent":0,"menu_order":0,"comment_status":"closed","ping_status":"open","template":"brizy-blank-template.php","meta":{"_monsterinsights_skip_tracking":false,"_monsterinsights_sitenote_active":false,"_monsterinsights_sitenote_note":"","_monsterinsights_sitenote_category":0},"aioseo_notices":[],"_links":{"self":[{"href":"https:\/\/sovidarmonia.com\/index.php\/wp-json\/wp\/v2\/pages\/2"}],"collection":[{"href":"https:\/\/sovidarmonia.com\/index.php\/wp-json\/wp\/v2\/pages"}],"about":[{"href":"https:\/\/sovidarmonia.com\/index.php\/wp-json\/wp\/v2\/types\/page"}],"author":[{"embeddable":true,"href":"https:\/\/sovidarmonia.com\/index.php\/wp-json\/wp\/v2\/users\/1"}],"replies":[{"embeddable":true,"href":"https:\/\/sovidarmonia.com\/index.php\/wp-json\/wp\/v2\/comments?post=2"}],"version-history":[{"count":4,"href":"https:\/\/sovidarmonia.com\/index.php\/wp-json\/wp\/v2\/pages\/2\/revisions"}],"predecessor-version":[{"id":3425,"href":"https:\/\/sovidarmonia.com\/index.php\/wp-json\/wp\/v2\/pages\/2\/revisions\/3425"}],"wp:attachment":[{"href":"https:\/\/sovidarmonia.com\/index.php\/wp-json\/wp\/v2\/media?parent=2"}],"curies":[{"name":"wp","href":"https:\/\/api.w.org\/{rel}","templated":true}]}}