{"id":716,"date":"2020-05-25T23:07:09","date_gmt":"2020-05-25T21:07:09","guid":{"rendered":"http:\/\/sovidarmonia.com\/?page_id=716"},"modified":"2021-01-18T15:33:48","modified_gmt":"2021-01-18T14:33:48","slug":"tarifs","status":"publish","type":"page","link":"https:\/\/sovidarmonia.com\/index.php\/tarifs\/","title":{"rendered":"Tarifs"},"content":{"rendered":"\n<h3>Consultation de naturopathie<\/h3>\n\n\n\n<p><strong>1\u00e8re consultation (dur\u00e9e 1h30)&nbsp;: <\/strong>70 \u20ac <\/p>\n\n\n\n<p> <em>Bilan de sant\u00e9 complet avec iridologie (1h) + bien-\u00eatre (r\u00e9flexologie ou lib\u00e9ration \u00e9motionnelle * 30 min)<\/em><\/p>\n\n\n\n<p><strong>Consultation&nbsp;de suivi (dur\u00e9e 1h)&nbsp;: <\/strong>50 \u20ac<\/p>\n\n\n\n<h3>Accompagnement psycho\u00e9motionnel (dur\u00e9e 1h)<\/h3>\n\n\n\n<p><em>50\u20ac la s\u00e9anc<\/em>e<\/p>\n\n\n\n<p><em>3 s\u00e9ances minimum g\u00e9n\u00e9ralement recommand\u00e9es<\/em><\/p>\n\n\n\n<h3><strong>R\u00e9flexologie plantaire bien-\u00eatre<\/strong> (dur\u00e9e 1h)<\/h3>\n\n\n\n<p><em>50\u20ac la s\u00e9ance <\/em><\/p>\n\n\n\n<p>130\u20ac<em>  pour 3 s\u00e9ances <\/em><br><\/p>\n\n\n\n<h3>Consultation \u00e0 distance (dur\u00e9e 1h)<\/h3>\n\n\n\n<p>Naturopathie et\/ou accompagnement psycho-\u00e9motionnel<\/p>\n\n\n\n<p><em>50\u20ac la s\u00e9ance<\/em><\/p>\n","protected":false},"excerpt":{"rendered":"<p>Consultation de naturopathie 1\u00e8re consultation (dur\u00e9e 1h30)&nbsp;: 70 \u20ac Bilan de sant\u00e9 complet avec iridologie (1h) + bien-\u00eatre (r\u00e9flexologie ou lib\u00e9ration \u00e9motionnelle * 30 min) Consultation&nbsp;de suivi (dur\u00e9e 1h)&nbsp;: 50 \u20ac Accompagnement psycho\u00e9motionnel (dur\u00e9e 1h) 50\u20ac la s\u00e9ance 3 s\u00e9ances minimum g\u00e9n\u00e9ralement recommand\u00e9es R\u00e9flexologie plantaire bien-\u00eatre (dur\u00e9e 1h) 50\u20ac la s\u00e9ance 130\u20ac pour 3 s\u00e9ances &hellip; <\/p>\n","protected":false},"author":1,"featured_media":0,"parent":0,"menu_order":0,"comment_status":"closed","ping_status":"closed","template":"","meta":{"_monsterinsights_skip_tracking":false,"_monsterinsights_sitenote_active":false,"_monsterinsights_sitenote_note":"","_monsterinsights_sitenote_category":0},"aioseo_notices":[],"_links":{"self":[{"href":"https:\/\/sovidarmonia.com\/index.php\/wp-json\/wp\/v2\/pages\/716"}],"collection":[{"href":"https:\/\/sovidarmonia.com\/index.php\/wp-json\/wp\/v2\/pages"}],"about":[{"href":"https:\/\/sovidarmonia.com\/index.php\/wp-json\/wp\/v2\/types\/page"}],"author":[{"embeddable":true,"href":"https:\/\/sovidarmonia.com\/index.php\/wp-json\/wp\/v2\/users\/1"}],"replies":[{"embeddable":true,"href":"https:\/\/sovidarmonia.com\/index.php\/wp-json\/wp\/v2\/comments?post=716"}],"version-history":[{"count":0,"href":"https:\/\/sovidarmonia.com\/index.php\/wp-json\/wp\/v2\/pages\/716\/revisions"}],"wp:attachment":[{"href":"https:\/\/sovidarmonia.com\/index.php\/wp-json\/wp\/v2\/media?parent=716"}],"curies":[{"name":"wp","href":"https:\/\/api.w.org\/{rel}","templated":true}]}}