{"id":1002,"date":"2021-03-05T15:48:54","date_gmt":"2021-03-05T14:48:54","guid":{"rendered":"http:\/\/sovidarmonia.com\/?post_type=product&#038;p=1002"},"modified":"2023-01-04T19:50:13","modified_gmt":"2023-01-04T18:50:13","slug":"sautoir-tara","status":"publish","type":"product","link":"https:\/\/sovidarmonia.com\/index.php\/produit\/sautoir-tara\/","title":{"rendered":"Sautoir \u00ab\u00a0Tara\u00a0\u00bb"},"content":{"rendered":"<div class=\"o9v6fnle cxmmr5t8 oygrvhab hcukyx3x c1et5uql ii04i59q\">\n<div dir=\"auto\"><span class=\"pq6dq46d tbxw36s4 knj5qynh kvgmc6g5 ditlmg2l oygrvhab nvdbi5me sf5mxxl7 gl3lb2sf hhz5lgdu\"><img loading=\"lazy\" src=\"https:\/\/static.xx.fbcdn.net\/images\/emoji.php\/v9\/te0\/1.5\/16\/1f340.png\" alt=\"\ud83c\udf40\" width=\"16\" height=\"16\" \/> <\/span>Sautoir violet\/vert <span class=\"pq6dq46d tbxw36s4 knj5qynh kvgmc6g5 ditlmg2l oygrvhab nvdbi5me sf5mxxl7 gl3lb2sf hhz5lgdu\"><img loading=\"lazy\" src=\"https:\/\/static.xx.fbcdn.net\/images\/emoji.php\/v9\/te0\/1.5\/16\/1f340.png\" alt=\"\ud83c\udf40\" width=\"16\" height=\"16\" \/><\/span><\/div>\n<div dir=\"auto\"><\/div>\n<\/div>\n<div class=\"o9v6fnle cxmmr5t8 oygrvhab hcukyx3x c1et5uql ii04i59q\">\n<div dir=\"auto\">Magnifique sautoir en pierres semi-pr\u00e9cieuse rares de charo\u00efte associ\u00e9es \u00e0 l&rsquo;am\u00e9thyste, le rubis zo\u00efsite et l&rsquo;aventurine, harmonis\u00e9 par le lotus et le bois beri.<\/div>\n<div dir=\"auto\"><\/div>\n<\/div>\n<div class=\"o9v6fnle cxmmr5t8 oygrvhab hcukyx3x c1et5uql ii04i59q\">\n<div dir=\"auto\">Ce collier est surtout li\u00e9 au chakra c\u0153ur et favorise le lien du c\u0153ur avec le chakra couronne (spiritualit\u00e9). Il favorise l&rsquo;apaisement du mental et la r\u00e9alisation de soi en s&rsquo;affranchissant des influences ext\u00e9rieures et des peurs qui nous limitent pour ainsi faire de meilleurs choix dans la vie. Il am\u00e8ne \u00e0 la positivit\u00e9 et am\u00e9liore le sommeil surtout en cas de cauchemars.<\/div>\n<div dir=\"auto\"><\/div>\n<\/div>\n<div class=\"o9v6fnle cxmmr5t8 oygrvhab hcukyx3x c1et5uql ii04i59q\">\n<div dir=\"auto\">D&rsquo;un point de vue physique, il est id\u00e9al pour la fonction cardiaque et toutes les pathologies li\u00e9es au c\u0153ur (circulation, tension, rythme cardiaque,&#8230;). Il a une action purificatrice sur le foie, pancr\u00e9as et la peau (acn\u00e9)&#8230;<\/div>\n<div dir=\"auto\"><\/div>\n<\/div>\n<div class=\"o9v6fnle cxmmr5t8 oygrvhab hcukyx3x c1et5uql ii04i59q\">\n<div dir=\"auto\">Prix 39\u20ac<\/div>\n<\/div>\n","protected":false},"excerpt":{"rendered":"<p>Sautoir violet\/vert Magnifique sautoir en pierres semi-pr\u00e9cieuse rares de charo\u00efte associ\u00e9es \u00e0 l&rsquo;am\u00e9thyste, le rubis zo\u00efsite et l&rsquo;aventurine, harmonis\u00e9 par le lotus et le bois beri. Ce collier est surtout li\u00e9 au chakra c\u0153ur et favorise le lien du c\u0153ur avec le chakra couronne (spiritualit\u00e9). Il favorise l&rsquo;apaisement du mental et la r\u00e9alisation de soi &hellip; <\/p>\n","protected":false},"featured_media":1004,"comment_status":"open","ping_status":"closed","template":"","meta":{"_monsterinsights_skip_tracking":false,"_monsterinsights_sitenote_active":false,"_monsterinsights_sitenote_note":"","_monsterinsights_sitenote_category":0},"product_cat":[58],"product_tag":[],"aioseo_notices":[],"_links":{"self":[{"href":"https:\/\/sovidarmonia.com\/index.php\/wp-json\/wp\/v2\/product\/1002"}],"collection":[{"href":"https:\/\/sovidarmonia.com\/index.php\/wp-json\/wp\/v2\/product"}],"about":[{"href":"https:\/\/sovidarmonia.com\/index.php\/wp-json\/wp\/v2\/types\/product"}],"replies":[{"embeddable":true,"href":"https:\/\/sovidarmonia.com\/index.php\/wp-json\/wp\/v2\/comments?post=1002"}],"wp:featuredmedia":[{"embeddable":true,"href":"https:\/\/sovidarmonia.com\/index.php\/wp-json\/wp\/v2\/media\/1004"}],"wp:attachment":[{"href":"https:\/\/sovidarmonia.com\/index.php\/wp-json\/wp\/v2\/media?parent=1002"}],"wp:term":[{"taxonomy":"product_cat","embeddable":true,"href":"https:\/\/sovidarmonia.com\/index.php\/wp-json\/wp\/v2\/product_cat?post=1002"},{"taxonomy":"product_tag","embeddable":true,"href":"https:\/\/sovidarmonia.com\/index.php\/wp-json\/wp\/v2\/product_tag?post=1002"}],"curies":[{"name":"wp","href":"https:\/\/api.w.org\/{rel}","templated":true}]}}