{"id":1005,"date":"2021-03-05T15:53:30","date_gmt":"2021-03-05T14:53:30","guid":{"rendered":"http:\/\/sovidarmonia.com\/?post_type=product&#038;p=1005"},"modified":"2021-03-11T13:57:58","modified_gmt":"2021-03-11T12:57:58","slug":"sautoir-azur","status":"publish","type":"product","link":"https:\/\/sovidarmonia.com\/index.php\/produit\/sautoir-azur\/","title":{"rendered":"Sautoir \u00ab\u00a0Azur\u00a0\u00bb"},"content":{"rendered":"<div class=\"o9v6fnle cxmmr5t8 oygrvhab hcukyx3x c1et5uql ii04i59q\">\n<div dir=\"auto\"><span class=\"pq6dq46d tbxw36s4 knj5qynh kvgmc6g5 ditlmg2l oygrvhab nvdbi5me sf5mxxl7 gl3lb2sf hhz5lgdu\"><img loading=\"lazy\" src=\"https:\/\/static.xx.fbcdn.net\/images\/emoji.php\/v9\/t32\/1.5\/16\/1f99a.png\" alt=\"\ud83e\udd9a\" width=\"16\" height=\"16\" \/> <\/span>Sautoir bleu pour favoriser la communication <span class=\"pq6dq46d tbxw36s4 knj5qynh kvgmc6g5 ditlmg2l oygrvhab nvdbi5me sf5mxxl7 gl3lb2sf hhz5lgdu\"><img loading=\"lazy\" src=\"https:\/\/static.xx.fbcdn.net\/images\/emoji.php\/v9\/t32\/1.5\/16\/1f99a.png\" alt=\"\ud83e\udd9a\" width=\"16\" height=\"16\" \/><\/span><\/div>\n<div dir=\"auto\"><\/div>\n<\/div>\n<div class=\"o9v6fnle cxmmr5t8 oygrvhab hcukyx3x c1et5uql ii04i59q\">\n<div dir=\"auto\">Magnifique sautoir en turquoise, amazonite, \u0153il de tigre et bois de santal avec un enivrant parfum de santal pour en d\u00e9cupler ses bienfaits.<\/div>\n<\/div>\n<div class=\"o9v6fnle cxmmr5t8 oygrvhab hcukyx3x c1et5uql ii04i59q\">\n<div dir=\"auto\"><\/div>\n<div dir=\"auto\">Ce collier est li\u00e9 au chakra gorge. De ce fait il va favoriser l&rsquo;expression de soi, de ses sentiments et la communication avec les autres. Ses propri\u00e9t\u00e9s apaisantes et relaxantes ainsi que ses vertus de protection envers la negativit\u00e9 ext\u00e9rieure permettent de se sentir serein et heureux dans les relations.<\/div>\n<div dir=\"auto\"><\/div>\n<\/div>\n<div class=\"o9v6fnle cxmmr5t8 oygrvhab hcukyx3x c1et5uql ii04i59q\">\n<div dir=\"auto\">D&rsquo;un point de vue physique, il renforce le syst\u00e8me immunitaire, traite les probl\u00e8mes de peau et agit sur les infections respiratoires. Il permet aussi de r\u00e9guler le cholesterol&#8230;<\/div>\n<div dir=\"auto\"><\/div>\n<\/div>\n<div class=\"o9v6fnle cxmmr5t8 oygrvhab hcukyx3x c1et5uql ii04i59q\">\n<div dir=\"auto\">Prix 25\u20ac<\/div>\n<\/div>\n","protected":false},"excerpt":{"rendered":"<p>Sautoir bleu pour favoriser la communication Magnifique sautoir en turquoise, amazonite, \u0153il de tigre et bois de santal avec un enivrant parfum de santal pour en d\u00e9cupler ses bienfaits. Ce collier est li\u00e9 au chakra gorge. De ce fait il va favoriser l&rsquo;expression de soi, de ses sentiments et la communication avec les autres. Ses &hellip; <\/p>\n","protected":false},"featured_media":1006,"comment_status":"open","ping_status":"closed","template":"","meta":{"_monsterinsights_skip_tracking":false,"_monsterinsights_sitenote_active":false,"_monsterinsights_sitenote_note":"","_monsterinsights_sitenote_category":0},"product_cat":[58],"product_tag":[],"aioseo_notices":[],"_links":{"self":[{"href":"https:\/\/sovidarmonia.com\/index.php\/wp-json\/wp\/v2\/product\/1005"}],"collection":[{"href":"https:\/\/sovidarmonia.com\/index.php\/wp-json\/wp\/v2\/product"}],"about":[{"href":"https:\/\/sovidarmonia.com\/index.php\/wp-json\/wp\/v2\/types\/product"}],"replies":[{"embeddable":true,"href":"https:\/\/sovidarmonia.com\/index.php\/wp-json\/wp\/v2\/comments?post=1005"}],"wp:featuredmedia":[{"embeddable":true,"href":"https:\/\/sovidarmonia.com\/index.php\/wp-json\/wp\/v2\/media\/1006"}],"wp:attachment":[{"href":"https:\/\/sovidarmonia.com\/index.php\/wp-json\/wp\/v2\/media?parent=1005"}],"wp:term":[{"taxonomy":"product_cat","embeddable":true,"href":"https:\/\/sovidarmonia.com\/index.php\/wp-json\/wp\/v2\/product_cat?post=1005"},{"taxonomy":"product_tag","embeddable":true,"href":"https:\/\/sovidarmonia.com\/index.php\/wp-json\/wp\/v2\/product_tag?post=1005"}],"curies":[{"name":"wp","href":"https:\/\/api.w.org\/{rel}","templated":true}]}}