{"id":1007,"date":"2021-03-05T15:59:43","date_gmt":"2021-03-05T14:59:43","guid":{"rendered":"http:\/\/sovidarmonia.com\/?post_type=product&#038;p=1007"},"modified":"2024-06-29T12:57:52","modified_gmt":"2024-06-29T10:57:52","slug":"bracelet-personnalise","status":"publish","type":"product","link":"https:\/\/sovidarmonia.com\/index.php\/produit\/bracelet-personnalise\/","title":{"rendered":"Bracelet \u00ab\u00a0personnalis\u00e9\u00a0\u00bb"},"content":{"rendered":"<div class=\"kvgmc6g5 cxmmr5t8 oygrvhab hcukyx3x c1et5uql ii04i59q\">\n<div dir=\"auto\"><span class=\"pq6dq46d tbxw36s4 knj5qynh kvgmc6g5 ditlmg2l oygrvhab nvdbi5me sf5mxxl7 gl3lb2sf hhz5lgdu\"><img loading=\"lazy\" src=\"https:\/\/static.xx.fbcdn.net\/images\/emoji.php\/v9\/t39\/1.5\/16\/1f31f.png\" alt=\"\ud83c\udf1f\" width=\"16\" height=\"16\" \/><\/span>Bracelet pesonnalis\u00e9<span class=\"pq6dq46d tbxw36s4 knj5qynh kvgmc6g5 ditlmg2l oygrvhab nvdbi5me sf5mxxl7 gl3lb2sf hhz5lgdu\"><img loading=\"lazy\" src=\"https:\/\/static.xx.fbcdn.net\/images\/emoji.php\/v9\/t39\/1.5\/16\/1f31f.png\" alt=\"\ud83c\udf1f\" width=\"16\" height=\"16\" \/><\/span><\/div>\n<div dir=\"auto\"><\/div>\n<\/div>\n<div class=\"o9v6fnle cxmmr5t8 oygrvhab hcukyx3x c1et5uql ii04i59q\">\n<div dir=\"auto\">! Choisissez 2 ou 3 types de pierres !<\/div>\n<div dir=\"auto\"><\/div>\n<\/div>\n<div class=\"o9v6fnle cxmmr5t8 oygrvhab hcukyx3x c1et5uql ii04i59q\">\n<div dir=\"auto\">Pr\u00e9cisez la taille approximative du poignet.<\/div>\n<div dir=\"auto\">Pr\u00e9cisez style masculin ou f\u00e9minin ou mixte.<\/div>\n<div dir=\"auto\"><img loading=\"lazy\" class=\"alignnone size-medium wp-image-1009\" src=\"http:\/\/sovidarmonia.com\/wp-content\/uploads\/2021\/03\/medlay-pierre-2-300x300.jpg\" alt=\"\" width=\"300\" height=\"300\" srcset=\"https:\/\/sovidarmonia.com\/wp-content\/uploads\/2021\/03\/medlay-pierre-2-300x300.jpg 300w, https:\/\/sovidarmonia.com\/wp-content\/uploads\/2021\/03\/medlay-pierre-2-400x400.jpg 400w, https:\/\/sovidarmonia.com\/wp-content\/uploads\/2021\/03\/medlay-pierre-2-100x100.jpg 100w, https:\/\/sovidarmonia.com\/wp-content\/uploads\/2021\/03\/medlay-pierre-2-800x800.jpg 800w, https:\/\/sovidarmonia.com\/wp-content\/uploads\/2021\/03\/medlay-pierre-2-1024x1024.jpg 1024w, https:\/\/sovidarmonia.com\/wp-content\/uploads\/2021\/03\/medlay-pierre-2-150x150.jpg 150w, https:\/\/sovidarmonia.com\/wp-content\/uploads\/2021\/03\/medlay-pierre-2-768x768.jpg 768w, https:\/\/sovidarmonia.com\/wp-content\/uploads\/2021\/03\/medlay-pierre-2-1536x1536.jpg 1536w, https:\/\/sovidarmonia.com\/wp-content\/uploads\/2021\/03\/medlay-pierre-2.jpg 1920w\" sizes=\"(max-width: 300px) 100vw, 300px\" \/><img loading=\"lazy\" class=\"alignnone size-medium wp-image-1010\" src=\"http:\/\/sovidarmonia.com\/wp-content\/uploads\/2021\/03\/medlay-pierres-1-300x300.jpg\" alt=\"\" width=\"300\" height=\"300\" srcset=\"https:\/\/sovidarmonia.com\/wp-content\/uploads\/2021\/03\/medlay-pierres-1-300x300.jpg 300w, https:\/\/sovidarmonia.com\/wp-content\/uploads\/2021\/03\/medlay-pierres-1-400x400.jpg 400w, https:\/\/sovidarmonia.com\/wp-content\/uploads\/2021\/03\/medlay-pierres-1-100x100.jpg 100w, https:\/\/sovidarmonia.com\/wp-content\/uploads\/2021\/03\/medlay-pierres-1-800x800.jpg 800w, https:\/\/sovidarmonia.com\/wp-content\/uploads\/2021\/03\/medlay-pierres-1-1024x1024.jpg 1024w, https:\/\/sovidarmonia.com\/wp-content\/uploads\/2021\/03\/medlay-pierres-1-150x150.jpg 150w, https:\/\/sovidarmonia.com\/wp-content\/uploads\/2021\/03\/medlay-pierres-1-768x768.jpg 768w, https:\/\/sovidarmonia.com\/wp-content\/uploads\/2021\/03\/medlay-pierres-1-1536x1536.jpg 1536w, https:\/\/sovidarmonia.com\/wp-content\/uploads\/2021\/03\/medlay-pierres-1.jpg 1920w\" sizes=\"(max-width: 300px) 100vw, 300px\" \/><\/div>\n<\/div>\n<div class=\"o9v6fnle cxmmr5t8 oygrvhab hcukyx3x c1et5uql ii04i59q\">\n<div dir=\"auto\">N&rsquo;h\u00e9sitez pas \u00e0 me contacter et je r\u00e9pondrai au mieux \u00e0 votre demande <span class=\"pq6dq46d tbxw36s4 knj5qynh kvgmc6g5 ditlmg2l oygrvhab nvdbi5me sf5mxxl7 gl3lb2sf hhz5lgdu\"><img loading=\"lazy\" src=\"https:\/\/static.xx.fbcdn.net\/images\/emoji.php\/v9\/td8\/1.5\/16\/1f60a.png\" alt=\"\ud83d\ude0a\" width=\"16\" height=\"16\" \/><\/span><\/div>\n<\/div>\n<div dir=\"auto\"><\/div>\n<div dir=\"auto\">Prix : 20\u20ac<\/div>\n","protected":false},"excerpt":{"rendered":"<p>Bracelet pesonnalis\u00e9 ! Choisissez 2 ou 3 types de pierres ! Pr\u00e9cisez la taille approximative du poignet. Pr\u00e9cisez style masculin ou f\u00e9minin ou mixte. N&rsquo;h\u00e9sitez pas \u00e0 me contacter et je r\u00e9pondrai au mieux \u00e0 votre demande Prix : 20\u20ac<\/p>\n","protected":false},"featured_media":1008,"comment_status":"open","ping_status":"closed","template":"","meta":{"_monsterinsights_skip_tracking":false,"_monsterinsights_sitenote_active":false,"_monsterinsights_sitenote_note":"","_monsterinsights_sitenote_category":0},"product_cat":[57],"product_tag":[],"aioseo_notices":[],"_links":{"self":[{"href":"https:\/\/sovidarmonia.com\/index.php\/wp-json\/wp\/v2\/product\/1007"}],"collection":[{"href":"https:\/\/sovidarmonia.com\/index.php\/wp-json\/wp\/v2\/product"}],"about":[{"href":"https:\/\/sovidarmonia.com\/index.php\/wp-json\/wp\/v2\/types\/product"}],"replies":[{"embeddable":true,"href":"https:\/\/sovidarmonia.com\/index.php\/wp-json\/wp\/v2\/comments?post=1007"}],"wp:featuredmedia":[{"embeddable":true,"href":"https:\/\/sovidarmonia.com\/index.php\/wp-json\/wp\/v2\/media\/1008"}],"wp:attachment":[{"href":"https:\/\/sovidarmonia.com\/index.php\/wp-json\/wp\/v2\/media?parent=1007"}],"wp:term":[{"taxonomy":"product_cat","embeddable":true,"href":"https:\/\/sovidarmonia.com\/index.php\/wp-json\/wp\/v2\/product_cat?post=1007"},{"taxonomy":"product_tag","embeddable":true,"href":"https:\/\/sovidarmonia.com\/index.php\/wp-json\/wp\/v2\/product_tag?post=1007"}],"curies":[{"name":"wp","href":"https:\/\/api.w.org\/{rel}","templated":true}]}}