{"id":1020,"date":"2021-03-05T16:25:14","date_gmt":"2021-03-05T15:25:14","guid":{"rendered":"http:\/\/sovidarmonia.com\/?post_type=product&#038;p=1020"},"modified":"2024-11-10T14:02:08","modified_gmt":"2024-11-10T13:02:08","slug":"bracelet-paix-et-realisation","status":"publish","type":"product","link":"https:\/\/sovidarmonia.com\/index.php\/produit\/bracelet-paix-et-realisation\/","title":{"rendered":"Bracelet \u00ab\u00a0Paix et r\u00e9alisation\u00a0\u00bb"},"content":{"rendered":"<p>Favorise la r\u00e9alisation de soi, la paix int\u00e9rieure profonde et le calme.<\/p>\n<p><em>Rubis Zo\u00efsite, Am\u00e9thyste. <\/em><\/p>\n<p>Taille S<\/p>\n<p>Prix: 18\u20ac<\/p>\n","protected":false},"excerpt":{"rendered":"<p>Favorise la r\u00e9alisation de soi, la paix int\u00e9rieure profonde et le calme. Rubis Zo\u00efsite, Am\u00e9thyste. Taille S Prix: 18\u20ac<\/p>\n","protected":false},"featured_media":1021,"comment_status":"open","ping_status":"closed","template":"","meta":{"_monsterinsights_skip_tracking":false,"_monsterinsights_sitenote_active":false,"_monsterinsights_sitenote_note":"","_monsterinsights_sitenote_category":0},"product_cat":[57],"product_tag":[],"aioseo_notices":[],"_links":{"self":[{"href":"https:\/\/sovidarmonia.com\/index.php\/wp-json\/wp\/v2\/product\/1020"}],"collection":[{"href":"https:\/\/sovidarmonia.com\/index.php\/wp-json\/wp\/v2\/product"}],"about":[{"href":"https:\/\/sovidarmonia.com\/index.php\/wp-json\/wp\/v2\/types\/product"}],"replies":[{"embeddable":true,"href":"https:\/\/sovidarmonia.com\/index.php\/wp-json\/wp\/v2\/comments?post=1020"}],"wp:featuredmedia":[{"embeddable":true,"href":"https:\/\/sovidarmonia.com\/index.php\/wp-json\/wp\/v2\/media\/1021"}],"wp:attachment":[{"href":"https:\/\/sovidarmonia.com\/index.php\/wp-json\/wp\/v2\/media?parent=1020"}],"wp:term":[{"taxonomy":"product_cat","embeddable":true,"href":"https:\/\/sovidarmonia.com\/index.php\/wp-json\/wp\/v2\/product_cat?post=1020"},{"taxonomy":"product_tag","embeddable":true,"href":"https:\/\/sovidarmonia.com\/index.php\/wp-json\/wp\/v2\/product_tag?post=1020"}],"curies":[{"name":"wp","href":"https:\/\/api.w.org\/{rel}","templated":true}]}}