{"id":1034,"date":"2021-03-05T17:14:37","date_gmt":"2021-03-05T16:14:37","guid":{"rendered":"http:\/\/sovidarmonia.com\/?post_type=product&#038;p=1034"},"modified":"2024-11-11T00:03:46","modified_gmt":"2024-11-10T23:03:46","slug":"bracelet-douce-quietude-et-intuition","status":"publish","type":"product","link":"https:\/\/sovidarmonia.com\/index.php\/produit\/bracelet-douce-quietude-et-intuition\/","title":{"rendered":"Bracelet \u00ab\u00a0Douce qui\u00e9tude et intuition\u00a0\u00bb"},"content":{"rendered":"<p>Favorise l\u2019apaisement physique et \u00e9motionnel, la m\u00e9ditation et la cr\u00e9ativit\u00e9.<\/p>\n<p><em>Lapis Lazuli, Am\u00e9thyste, Rhodochrosite. <\/em><\/p>\n<p>Taille S<\/p>\n","protected":false},"excerpt":{"rendered":"<p>Favorise l\u2019apaisement physique et \u00e9motionnel, la m\u00e9ditation et la cr\u00e9ativit\u00e9. Lapis Lazuli, Am\u00e9thyste, Rhodochrosite. Taille S<\/p>\n","protected":false},"featured_media":1035,"comment_status":"open","ping_status":"closed","template":"","meta":{"_monsterinsights_skip_tracking":false,"_monsterinsights_sitenote_active":false,"_monsterinsights_sitenote_note":"","_monsterinsights_sitenote_category":0},"product_cat":[57],"product_tag":[],"aioseo_notices":[],"_links":{"self":[{"href":"https:\/\/sovidarmonia.com\/index.php\/wp-json\/wp\/v2\/product\/1034"}],"collection":[{"href":"https:\/\/sovidarmonia.com\/index.php\/wp-json\/wp\/v2\/product"}],"about":[{"href":"https:\/\/sovidarmonia.com\/index.php\/wp-json\/wp\/v2\/types\/product"}],"replies":[{"embeddable":true,"href":"https:\/\/sovidarmonia.com\/index.php\/wp-json\/wp\/v2\/comments?post=1034"}],"wp:featuredmedia":[{"embeddable":true,"href":"https:\/\/sovidarmonia.com\/index.php\/wp-json\/wp\/v2\/media\/1035"}],"wp:attachment":[{"href":"https:\/\/sovidarmonia.com\/index.php\/wp-json\/wp\/v2\/media?parent=1034"}],"wp:term":[{"taxonomy":"product_cat","embeddable":true,"href":"https:\/\/sovidarmonia.com\/index.php\/wp-json\/wp\/v2\/product_cat?post=1034"},{"taxonomy":"product_tag","embeddable":true,"href":"https:\/\/sovidarmonia.com\/index.php\/wp-json\/wp\/v2\/product_tag?post=1034"}],"curies":[{"name":"wp","href":"https:\/\/api.w.org\/{rel}","templated":true}]}}