{"id":1036,"date":"2021-03-05T17:21:51","date_gmt":"2021-03-05T16:21:51","guid":{"rendered":"http:\/\/sovidarmonia.com\/?post_type=product&#038;p=1036"},"modified":"2024-01-14T11:40:50","modified_gmt":"2024-01-14T10:40:50","slug":"bracelet-paix-et-positivite","status":"publish","type":"product","link":"https:\/\/sovidarmonia.com\/index.php\/produit\/bracelet-paix-et-positivite\/","title":{"rendered":"Bracelet \u00ab Paix et positivit\u00e9 \u00bb"},"content":{"rendered":"<p>Favorise la paix int\u00e9rieure profonde, r\u00e9conforte et apporte positivit\u00e9.<\/p>\n<p><em>Am\u00e9thyste, Quartz Rose, Howlite. <\/em><\/p>\n<p>Taille S<\/p>\n<p>Prix: 18\u20ac<\/p>\n","protected":false},"excerpt":{"rendered":"<p>Favorise la paix int\u00e9rieure profonde, r\u00e9conforte et apporte positivit\u00e9. Am\u00e9thyste, Quartz Rose, Howlite. Taille S Prix: 18\u20ac<\/p>\n","protected":false},"featured_media":1037,"comment_status":"open","ping_status":"closed","template":"","meta":{"_monsterinsights_skip_tracking":false,"_monsterinsights_sitenote_active":false,"_monsterinsights_sitenote_note":"","_monsterinsights_sitenote_category":0},"product_cat":[57],"product_tag":[],"aioseo_notices":[],"_links":{"self":[{"href":"https:\/\/sovidarmonia.com\/index.php\/wp-json\/wp\/v2\/product\/1036"}],"collection":[{"href":"https:\/\/sovidarmonia.com\/index.php\/wp-json\/wp\/v2\/product"}],"about":[{"href":"https:\/\/sovidarmonia.com\/index.php\/wp-json\/wp\/v2\/types\/product"}],"replies":[{"embeddable":true,"href":"https:\/\/sovidarmonia.com\/index.php\/wp-json\/wp\/v2\/comments?post=1036"}],"wp:featuredmedia":[{"embeddable":true,"href":"https:\/\/sovidarmonia.com\/index.php\/wp-json\/wp\/v2\/media\/1037"}],"wp:attachment":[{"href":"https:\/\/sovidarmonia.com\/index.php\/wp-json\/wp\/v2\/media?parent=1036"}],"wp:term":[{"taxonomy":"product_cat","embeddable":true,"href":"https:\/\/sovidarmonia.com\/index.php\/wp-json\/wp\/v2\/product_cat?post=1036"},{"taxonomy":"product_tag","embeddable":true,"href":"https:\/\/sovidarmonia.com\/index.php\/wp-json\/wp\/v2\/product_tag?post=1036"}],"curies":[{"name":"wp","href":"https:\/\/api.w.org\/{rel}","templated":true}]}}