{"id":995,"date":"2021-03-05T15:32:04","date_gmt":"2021-03-05T14:32:04","guid":{"rendered":"http:\/\/sovidarmonia.com\/?post_type=product&#038;p=995"},"modified":"2024-06-29T17:40:41","modified_gmt":"2024-06-29T15:40:41","slug":"sautoir-vert-du-nil","status":"publish","type":"product","link":"https:\/\/sovidarmonia.com\/index.php\/produit\/sautoir-vert-du-nil\/","title":{"rendered":"Sautoir \u00ab\u00a0Vert du Nil\u00a0\u00bb"},"content":{"rendered":"<p>\ud83e\udd9aSautoir vert\/bleu\/bois tropical\ud83e\udd9a<\/p>\n<p>Magnifique sautoir en pierres semi-pr\u00e9cieuse de chrysocolle\/lapis, aventurine et agate verte associ\u00e9es au bois tropical au parfum de santal.<\/p>\n<p>Ce collier est li\u00e9 au chakra c\u0153ur. Il permet de calmer l&rsquo;esprit et d&rsquo;apaiser les \u00e9motions. Il aide aux changements et favorise les nouveaux d\u00e9parts en vous lib\u00e9rant des peurs profondes et des blocages qui vous retiennent. En favorisant un meilleur discernement dans vos choix, il aide \u00e0 aller de l&rsquo;avant.<br \/>\nD&rsquo;un point de vue physique, il a des vertus \u00e9nerg\u00e9tiques anti-inflammatoires. Il lutte contre les troubles ORL et respiratoires.<\/p>\n<p>Prix 32\u20ac<\/p>\n","protected":false},"excerpt":{"rendered":"<p>\ud83e\udd9aSautoir vert\/bleu\/bois tropical\ud83e\udd9a Magnifique sautoir en pierres semi-pr\u00e9cieuse de chrysocolle\/lapis, aventurine et agate verte associ\u00e9es au bois tropical au parfum de santal. Ce collier est li\u00e9 au chakra c\u0153ur. Il permet de calmer l&rsquo;esprit et d&rsquo;apaiser les \u00e9motions. Il aide aux changements et favorise les nouveaux d\u00e9parts en vous lib\u00e9rant des peurs profondes et des &hellip; <\/p>\n","protected":false},"featured_media":996,"comment_status":"open","ping_status":"closed","template":"","meta":{"_monsterinsights_skip_tracking":false,"_monsterinsights_sitenote_active":false,"_monsterinsights_sitenote_note":"","_monsterinsights_sitenote_category":0},"product_cat":[58],"product_tag":[],"aioseo_notices":[],"_links":{"self":[{"href":"https:\/\/sovidarmonia.com\/index.php\/wp-json\/wp\/v2\/product\/995"}],"collection":[{"href":"https:\/\/sovidarmonia.com\/index.php\/wp-json\/wp\/v2\/product"}],"about":[{"href":"https:\/\/sovidarmonia.com\/index.php\/wp-json\/wp\/v2\/types\/product"}],"replies":[{"embeddable":true,"href":"https:\/\/sovidarmonia.com\/index.php\/wp-json\/wp\/v2\/comments?post=995"}],"wp:featuredmedia":[{"embeddable":true,"href":"https:\/\/sovidarmonia.com\/index.php\/wp-json\/wp\/v2\/media\/996"}],"wp:attachment":[{"href":"https:\/\/sovidarmonia.com\/index.php\/wp-json\/wp\/v2\/media?parent=995"}],"wp:term":[{"taxonomy":"product_cat","embeddable":true,"href":"https:\/\/sovidarmonia.com\/index.php\/wp-json\/wp\/v2\/product_cat?post=995"},{"taxonomy":"product_tag","embeddable":true,"href":"https:\/\/sovidarmonia.com\/index.php\/wp-json\/wp\/v2\/product_tag?post=995"}],"curies":[{"name":"wp","href":"https:\/\/api.w.org\/{rel}","templated":true}]}}