{"id":997,"date":"2021-03-05T15:40:57","date_gmt":"2021-03-05T14:40:57","guid":{"rendered":"http:\/\/sovidarmonia.com\/?post_type=product&#038;p=997"},"modified":"2024-07-03T01:53:27","modified_gmt":"2024-07-02T23:53:27","slug":"sautoir-apache","status":"publish","type":"product","link":"https:\/\/sovidarmonia.com\/index.php\/produit\/sautoir-apache\/","title":{"rendered":"Sautoir \u00ab\u00a0Apache\u00a0\u00bb"},"content":{"rendered":"<div class=\"o9v6fnle cxmmr5t8 oygrvhab hcukyx3x c1et5uql ii04i59q\">\n<div dir=\"auto\"><span class=\"pq6dq46d tbxw36s4 knj5qynh kvgmc6g5 ditlmg2l oygrvhab nvdbi5me sf5mxxl7 gl3lb2sf hhz5lgdu\"><img loading=\"lazy\" src=\"https:\/\/static.xx.fbcdn.net\/images\/emoji.php\/v9\/t73\/1.5\/16\/1f3f5.png\" alt=\"\ud83c\udff5\ufe0f\" width=\"16\" height=\"16\" \/> <\/span>Sautoir orange\/noir\/turquoise <span class=\"pq6dq46d tbxw36s4 knj5qynh kvgmc6g5 ditlmg2l oygrvhab nvdbi5me sf5mxxl7 gl3lb2sf hhz5lgdu\"><img loading=\"lazy\" class=\"\" src=\"https:\/\/static.xx.fbcdn.net\/images\/emoji.php\/v9\/t73\/1.5\/16\/1f3f5.png\" alt=\"\ud83c\udff5\ufe0f\" width=\"16\" height=\"16\" \/><\/span><\/div>\n<div dir=\"auto\"><\/div>\n<\/div>\n<div class=\"o9v6fnle cxmmr5t8 oygrvhab hcukyx3x c1et5uql ii04i59q\">\n<div dir=\"auto\">Magnifique sautoir en pierres semi-pr\u00e9cieuse de cornaline, obsidienne noire, h\u00e9matite et turquoise associ\u00e9 au bois tropical au parfum de santal.<\/div>\n<div dir=\"auto\"><\/div>\n<\/div>\n<div class=\"o9v6fnle cxmmr5t8 oygrvhab hcukyx3x c1et5uql ii04i59q\">\n<div dir=\"auto\">Ce collier est li\u00e9 au chakra racine et favorise l&rsquo;ancrage. Il permet la confiance et le d\u00e9passement de soi. Il donne force et compassion, courage et volont\u00e9 pour agir dans la mati\u00e8re. La force vitale et le flux d&rsquo;\u00e9nergie sont favoris\u00e9s. Avec concentration et r\u00e9alisme, il permet d&rsquo;ancrer l&rsquo;esprit dans la r\u00e9alit\u00e9. Il poss\u00e8de aussi des propri\u00e9t\u00e9s de protection face aux \u00e9nergies n\u00e9gatives et de lever des blocages.<\/div>\n<div dir=\"auto\"><\/div>\n<\/div>\n<div class=\"o9v6fnle cxmmr5t8 oygrvhab hcukyx3x c1et5uql ii04i59q\">\n<div dir=\"auto\">D&rsquo;un point de vue physique, il poss\u00e8de un pouvoir d\u00e9toxifiant et de compensation des d\u00e9s\u00e9quilibres mentales et physiques. Il a ainsi une action d\u00e9fatigante. Il agit particuli\u00e8rement sur les maladies li\u00e9es au sang et au manque de fer. Chez la femme, il r\u00e9duit les d\u00e9sagr\u00e9ments menstruels et r\u00e9gule le flux des menstruations. Chez l&rsquo;homme, il aide \u00e0 la puissance sexuelle&#8230;<\/div>\n<div dir=\"auto\"><\/div>\n<\/div>\n<div class=\"o9v6fnle cxmmr5t8 oygrvhab hcukyx3x c1et5uql ii04i59q\">\n<div dir=\"auto\">Prix 29\u20ac<\/div>\n<\/div>\n","protected":false},"excerpt":{"rendered":"<p>Sautoir orange\/noir\/turquoise Magnifique sautoir en pierres semi-pr\u00e9cieuse de cornaline, obsidienne noire, h\u00e9matite et turquoise associ\u00e9 au bois tropical au parfum de santal. Ce collier est li\u00e9 au chakra racine et favorise l&rsquo;ancrage. Il permet la confiance et le d\u00e9passement de soi. Il donne force et compassion, courage et volont\u00e9 pour agir dans la mati\u00e8re. La &hellip; <\/p>\n","protected":false},"featured_media":998,"comment_status":"open","ping_status":"closed","template":"","meta":{"_monsterinsights_skip_tracking":false,"_monsterinsights_sitenote_active":false,"_monsterinsights_sitenote_note":"","_monsterinsights_sitenote_category":0},"product_cat":[58],"product_tag":[],"aioseo_notices":[],"_links":{"self":[{"href":"https:\/\/sovidarmonia.com\/index.php\/wp-json\/wp\/v2\/product\/997"}],"collection":[{"href":"https:\/\/sovidarmonia.com\/index.php\/wp-json\/wp\/v2\/product"}],"about":[{"href":"https:\/\/sovidarmonia.com\/index.php\/wp-json\/wp\/v2\/types\/product"}],"replies":[{"embeddable":true,"href":"https:\/\/sovidarmonia.com\/index.php\/wp-json\/wp\/v2\/comments?post=997"}],"wp:featuredmedia":[{"embeddable":true,"href":"https:\/\/sovidarmonia.com\/index.php\/wp-json\/wp\/v2\/media\/998"}],"wp:attachment":[{"href":"https:\/\/sovidarmonia.com\/index.php\/wp-json\/wp\/v2\/media?parent=997"}],"wp:term":[{"taxonomy":"product_cat","embeddable":true,"href":"https:\/\/sovidarmonia.com\/index.php\/wp-json\/wp\/v2\/product_cat?post=997"},{"taxonomy":"product_tag","embeddable":true,"href":"https:\/\/sovidarmonia.com\/index.php\/wp-json\/wp\/v2\/product_tag?post=997"}],"curies":[{"name":"wp","href":"https:\/\/api.w.org\/{rel}","templated":true}]}}